{"id":48,"date":"2015-12-11T03:13:26","date_gmt":"2015-12-11T02:13:26","guid":{"rendered":"https:\/\/hirschkoppel.de\/?page_id=48"},"modified":"2015-12-14T07:29:02","modified_gmt":"2015-12-14T06:29:02","slug":"vermarktung","status":"publish","type":"page","link":"https:\/\/hirschkoppel.de\/?page_id=48","title":{"rendered":"Vermarktung"},"content":{"rendered":"\r\n\t<div id=\"fws_69eb45cd36dff\" data-midnight=\"dark\" data-bg-mobile-hidden=\"\" class=\"wpb_row vc_row-fluid vc_row full-width-content standard_section   \"  style=\"padding-top: 2%; padding-bottom: 2%; \"><div class=\"row-bg-wrap\"> <div class=\"row-bg   \"  style=\"\"><\/div> <\/div><div class=\"col span_12 dark left\">\n\t<div  class=\"vc_col-sm-6 wpb_column column_container col padding-8-percent\"  data-padding-pos=\"left-right\" data-has-bg-color=\"false\" data-bg-color=\"\" data-bg-opacity=\"1\" data-hover-bg=\"\" data-hover-bg-opacity=\"1\" data-animation=\"\" data-delay=\"0\">\n\t\t<div class=\"wpb_wrapper\">\n\t\t\t\n\t<div class=\"wpb_text_column wpb_content_element \">\n\t\t<div class=\"wpb_wrapper\">\n\t\t\t<p>Wir bewirtschaften unsere landwirtschaftlichen Gr\u00fcnfl\u00e4chen mit der Haltung von Wildtieren, die zur Schlachtung vorgesehen sind. Man spricht von Farmwild.<\/p>\n<p>\u00dcber die Vorz\u00fcge des Fleisches werden wir an anderer Stelle auf diesen Seiten eingehen.<\/p>\n<p>Wir vermarkten Schlachtk\u00f6rper, H\u00e4lften, Keulen und R\u00fccken und unsere spezielle Hirschkoppelwurst (Grillwurst) vom Damhirsch ab Hof.<\/p>\n<p>Desweiteren bieten wir unseren Kunden an, sich davon zu \u00fcberzeugen, dass unsere Tiere artgerecht gehalten werden, indem sie die Ware bei uns auf dem Hof in Empfang nehmen.<\/p>\n\n\t\t<\/div>\n\t<\/div>\n\n\t\t<\/div> \n\t<\/div> \n\n\t<div  class=\"vc_col-sm-6 wpb_column column_container col padding-8-percent\"  data-padding-pos=\"left-right\" data-has-bg-color=\"false\" data-bg-color=\"\" data-bg-opacity=\"1\" data-hover-bg=\"\" data-hover-bg-opacity=\"1\" data-animation=\"\" data-delay=\"0\">\n\t\t<div class=\"wpb_wrapper\">\n\t\t\t<div class=\"img-with-aniamtion-wrap \"><img decoding=\"async\" class=\"img-with-animation \" data-delay=\"0\" height=\"100%\" width=\"100%\" data-animation=\"fade-in\" src=\"https:\/\/hirschkoppel.de\/wp-content\/uploads\/2015\/12\/vermarktung.jpg\" alt=\"\" \/><\/div>\n\t\t<\/div> \n\t<\/div> \n<\/div><\/div>\r\n\t<div id=\"fws_69eb45cd380f3\" data-midnight=\"light\" data-bg-mobile-hidden=\"\" class=\"wpb_row vc_row-fluid vc_row full-width-content parallax_section   \"  style=\"padding-top: 0px; padding-bottom: 0px; \"><div class=\"row-bg-wrap\"> <div class=\"row-bg using-image  \" data-parallax-speed=\"fast\" style=\"background-image: url(https:\/\/hirschkoppel.de\/wp-content\/uploads\/2015\/12\/IMG_5675.jpg); background-position: center center; background-repeat: no-repeat; \"><\/div> <\/div><div class=\"col span_12 light left\">\n\t<div  class=\"vc_col-sm-6 wpb_column column_container col padding-8-percent\"  data-padding-pos=\"all\" data-has-bg-color=\"false\" data-bg-color=\"\" data-bg-opacity=\"1\" data-hover-bg=\"\" data-hover-bg-opacity=\"1\" data-animation=\"\" data-delay=\"0\">\n\t\t<div class=\"wpb_wrapper\">\n\t\t\t\n\t<div class=\"wpb_text_column wpb_content_element \">\n\t\t<div class=\"wpb_wrapper\">\n\t\t\t<p>Mitglied im Landesverband Landwirtschaftliche Wildhaltung Brandenburg \/ Mecklenburg-Vorpommern e.V..<\/p>\n<p>Die Vermarktung erfolgt ganzj\u00e4hrig, Ausgenommen sind die Alttiere und K\u00e4lber in der Aufwachsphase.<\/p>\n<p>Fragen Sie \u00fcber das Kontaktformular oder telefonisch unter <strong>033438-67225<\/strong> an.<\/p>\n<p>Wir k\u00f6nnen Sie dann schon einmal vormerken und rufen Sie an, wenn es soweit ist.<\/p>\n\n\t\t<\/div>\n\t<\/div>\n\n\t\t<\/div> \n\t<\/div> \n\n\t<div style=\" color: #ffffff;\" class=\"vc_col-sm-6 wpb_column column_container col centered-text padding-8-percent\"  data-padding-pos=\"all\" data-has-bg-color=\"false\" data-bg-color=\"\" data-bg-opacity=\"1\" data-hover-bg=\"\" data-hover-bg-opacity=\"1\" data-animation=\"\" data-delay=\"0\">\n\t\t<div class=\"wpb_wrapper\">\n\t\t\t\n\t<div class=\"wpb_text_column wpb_content_element \">\n\t\t<div class=\"wpb_wrapper\">\n\t\t\t<p><i class=\"icon-default-style fa-phone extra-color-1\"><\/i><br \/>\n<strong>033438-67225<\/strong><\/p>\n\n\t\t<\/div>\n\t<\/div>\n<div style=\"height: 80px;\" class=\"divider\"><\/div>\n\t<div class=\"wpb_text_column wpb_content_element \">\n\t\t<div class=\"wpb_wrapper\">\n\t\t\t<p><i class=\"icon-default-style fa-envelope extra-color-1\"><\/i><br \/>\n<strong>info@mail.de<\/strong><\/p>\n\n\t\t<\/div>\n\t<\/div>\n\n\t\t<\/div> \n\t<\/div> \n<\/div><\/div>\n","protected":false},"excerpt":{"rendered":"Wir bewirtschaften unsere landwirtschaftlichen Gr\u00fcnfl\u00e4chen mit der Haltung von Wildtieren, die zur Schlachtung vorgesehen sind. Man spricht von Farmwild. \u00dcber die Vorz\u00fcge des Fleisches werden wir an anderer Stelle auf...","protected":false},"author":1,"featured_media":0,"parent":0,"menu_order":0,"comment_status":"closed","ping_status":"closed","template":"template-start-lutzbaer.php","meta":{"footnotes":""},"class_list":["post-48","page","type-page","status-publish","hentry"],"_links":{"self":[{"href":"https:\/\/hirschkoppel.de\/index.php?rest_route=\/wp\/v2\/pages\/48","targetHints":{"allow":["GET"]}}],"collection":[{"href":"https:\/\/hirschkoppel.de\/index.php?rest_route=\/wp\/v2\/pages"}],"about":[{"href":"https:\/\/hirschkoppel.de\/index.php?rest_route=\/wp\/v2\/types\/page"}],"author":[{"embeddable":true,"href":"https:\/\/hirschkoppel.de\/index.php?rest_route=\/wp\/v2\/users\/1"}],"replies":[{"embeddable":true,"href":"https:\/\/hirschkoppel.de\/index.php?rest_route=%2Fwp%2Fv2%2Fcomments&post=48"}],"version-history":[{"count":4,"href":"https:\/\/hirschkoppel.de\/index.php?rest_route=\/wp\/v2\/pages\/48\/revisions"}],"predecessor-version":[{"id":91,"href":"https:\/\/hirschkoppel.de\/index.php?rest_route=\/wp\/v2\/pages\/48\/revisions\/91"}],"wp:attachment":[{"href":"https:\/\/hirschkoppel.de\/index.php?rest_route=%2Fwp%2Fv2%2Fmedia&parent=48"}],"curies":[{"name":"wp","href":"https:\/\/api.w.org\/{rel}","templated":true}]}}